{"id":793,"date":"2022-05-24T10:58:46","date_gmt":"2022-05-24T15:58:46","guid":{"rendered":"https:\/\/ratpark.studio\/?page_id=793"},"modified":"2026-04-15T17:48:30","modified_gmt":"2026-04-15T22:48:30","slug":"portafolio","status":"publish","type":"page","link":"https:\/\/ratpark.studio\/es\/portafolio\/","title":{"rendered":"Portafolio"},"content":{"rendered":"<p>[et_pb_section fb_built=&#8221;1&#8243; _builder_version=&#8221;4.16&#8243; _module_preset=&#8221;default&#8221; background_color=&#8221;RGBA(0,0,0,0)&#8221; background_color_gradient_start=&#8221;#141941&#8243; background_color_gradient_end=&#8221;#222569&#8243; background_enable_image=&#8221;off&#8221; background_size=&#8221;initial&#8221; background_position=&#8221;bottom_center&#8221; background_repeat=&#8221;repeat&#8221; background_blend=&#8221;overlay&#8221; global_colors_info=&#8221;{}&#8221;][et_pb_row use_custom_gutter=&#8221;on&#8221; _builder_version=&#8221;4.16&#8243; _module_preset=&#8221;default&#8221; custom_padding=&#8221;0px|||||&#8221; global_colors_info=&#8221;{}&#8221;][et_pb_column type=&#8221;4_4&#8243; _builder_version=&#8221;4.16&#8243; _module_preset=&#8221;default&#8221; global_colors_info=&#8221;{}&#8221;][et_pb_text _builder_version=&#8221;4.20.4&#8243; _module_preset=&#8221;default&#8221; text_text_color=&#8221;#ffffff&#8221; global_colors_info=&#8221;{}&#8221;]<\/p>\n<h2>Portafolio de Logos<\/h2>\n<p>&nbsp;<\/p>\n<p>Esta es una selecci\u00f3n de proyectos dise\u00f1ados por <strong>Germ\u00e1n Silva &#8211; <a href=\"http:\/\/ratpark.studio\">RatPark.Studio <\/a><\/strong>desde 2014.<\/p>\n<p>Dentro de cada logo encontrar\u00e1s los detalles junto con el proceso de su dise\u00f1o.<\/p>\n<p>[\/et_pb_text][et_pb_portfolio fullwidth=&#8221;off&#8221; posts_number=&#8221;28&#8243; include_categories=&#8221;25&#8243; show_title=&#8221;off&#8221; show_categories=&#8221;off&#8221; show_pagination=&#8221;off&#8221; zoom_icon_color=&#8221;RGBA(255,255,255,0)&#8221; hover_overlay_color=&#8221;RGBA(255,255,255,0)&#8221; admin_label=&#8221;Portfolio&#8221; module_class=&#8221;lwp-col-portfolio&#8221; _builder_version=&#8221;4.22.1&#8243; _module_preset=&#8221;default&#8221; module_alignment=&#8221;center&#8221; custom_padding=&#8221;||||false|false&#8221; animation_style=&#8221;fade&#8221; child_filter_brightness_last_edited=&#8221;off|desktop&#8221; border_width_all=&#8221;1px&#8221; border_color_all=&#8221;rgba(21,23,65,0.44)&#8221; border_style_all=&#8221;none&#8221; border_color_all_image=&#8221;RGBA(255,255,255,0)&#8221; global_module=&#8221;1765&#8243; saved_tabs=&#8221;all&#8221; global_colors_info=&#8221;{}&#8221; child_filter_invert__hover_enabled=&#8221;off|hover&#8221; child_filter_invert__hover=&#8221;100%&#8221; background__hover_enabled=&#8221;on|hover&#8221; background_color__hover=&#8221;RGBA(255,255,255,0)&#8221; background_enable_color__hover=&#8221;on&#8221; border_color_all_image__hover_enabled=&#8221;off|hover&#8221; border_color_all_image__hover=&#8221;#222469&#8243; filter_blur__hover_enabled=&#8221;on|desktop&#8221; filter_blur__hover=&#8221;&#8221;][\/et_pb_portfolio][\/et_pb_column][\/et_pb_row][\/et_pb_section][et_pb_section fb_built=&#8221;1&#8243; _builder_version=&#8221;4.16&#8243; _module_preset=&#8221;default&#8221; background_color=&#8221;#151741&#8243; global_colors_info=&#8221;{}&#8221;][et_pb_row _builder_version=&#8221;4.16&#8243; _module_preset=&#8221;default&#8221; module_alignment=&#8221;center&#8221; global_colors_info=&#8221;{}&#8221;][et_pb_column type=&#8221;4_4&#8243; _builder_version=&#8221;4.16&#8243; _module_preset=&#8221;default&#8221; global_colors_info=&#8221;{}&#8221;][et_pb_text _builder_version=&#8221;4.21.0&#8243; _module_preset=&#8221;default&#8221; text_text_color=&#8221;#FFFFFF&#8221; locked=&#8221;off&#8221; global_colors_info=&#8221;{}&#8221;]<\/p>\n<p style=\"text-align: center;\">Si estas marcas te gustan imagina lo que podemos hacer con la tuya.<\/p>\n<p>[\/et_pb_text][et_pb_button button_url=&#8221;@ET-DC@eyJkeW5hbWljIjp0cnVlLCJjb250ZW50IjoicG9zdF9saW5rX3VybF9wYWdlIiwic2V0dGluZ3MiOnsicG9zdF9pZCI6IjcyNCJ9fQ==@&#8221; button_text=&#8221;Quiero que trabajemos&#8221; button_alignment=&#8221;center&#8221; admin_label=&#8221;Button&#8221; _builder_version=&#8221;4.16&#8243; _dynamic_attributes=&#8221;button_url&#8221; _module_preset=&#8221;default&#8221; custom_button=&#8221;on&#8221; button_bg_color=&#8221;#73af5a&#8221; button_use_icon=&#8221;off&#8221; locked=&#8221;off&#8221; global_colors_info=&#8221;{}&#8221; button_bg_color__hover_enabled=&#8221;on|hover&#8221; button_bg_color__hover=&#8221;#558344&#8243; button_bg_enable_color__hover=&#8221;on&#8221;][\/et_pb_button][\/et_pb_column][\/et_pb_row][\/et_pb_section]<\/p>\n<span class=\"et_bloom_bottom_trigger\"><\/span>","protected":false},"excerpt":{"rendered":"<p>Portafolio de Logos &nbsp; Esta es una selecci\u00f3n de proyectos dise\u00f1ados por Germ\u00e1n Silva &#8211; RatPark.Studio desde 2014. Dentro de cada logo encontrar\u00e1s los detalles junto con el proceso de su dise\u00f1o.Si estas marcas te gustan imagina lo que podemos hacer con la tuya.<\/p>\n","protected":false},"author":1,"featured_media":0,"parent":0,"menu_order":0,"comment_status":"closed","ping_status":"closed","template":"","meta":{"_et_pb_use_builder":"on","_et_pb_old_content":"","_et_gb_content_width":"","footnotes":""},"class_list":["post-793","page","type-page","status-publish","hentry"],"yoast_head":"<!-- This site is optimized with the Yoast SEO plugin v27.4 - https:\/\/yoast.com\/product\/yoast-seo-wordpress\/ -->\n<title>Portafolio - Rat Park - Branding para la Sostenibilidad<\/title>\n<meta name=\"robots\" content=\"index, follow, max-snippet:-1, max-image-preview:large, max-video-preview:-1\" \/>\n<link rel=\"canonical\" href=\"https:\/\/ratpark.studio\/es\/portafolio\/\" \/>\n<meta property=\"og:locale\" content=\"es_ES\" \/>\n<meta property=\"og:type\" content=\"article\" \/>\n<meta property=\"og:title\" content=\"Portafolio - Rat Park - Branding para la Sostenibilidad\" \/>\n<meta property=\"og:description\" content=\"Portafolio de Logos &nbsp; Esta es una selecci\u00f3n de proyectos dise\u00f1ados por Germ\u00e1n Silva - RatPark.Studio desde 2014. Dentro de cada logo encontrar\u00e1s los detalles junto con el proceso de su dise\u00f1o.Si estas marcas te gustan imagina lo que podemos hacer con la tuya.\" \/>\n<meta property=\"og:url\" content=\"https:\/\/ratpark.studio\/es\/portafolio\/\" \/>\n<meta property=\"og:site_name\" content=\"Rat Park - Branding para la Sostenibilidad\" \/>\n<meta property=\"article:publisher\" content=\"https:\/\/www.facebook.com\/parqueratuno\" \/>\n<meta property=\"article:modified_time\" content=\"2026-04-15T22:48:30+00:00\" \/>\n<meta property=\"og:image\" content=\"https:\/\/ratpark.studio\/wp-content\/uploads\/2022\/06\/LogoRatPark.png\" \/>\n\t<meta property=\"og:image:width\" content=\"1081\" \/>\n\t<meta property=\"og:image:height\" content=\"1081\" \/>\n\t<meta property=\"og:image:type\" content=\"image\/png\" \/>\n<meta name=\"twitter:card\" content=\"summary_large_image\" \/>\n<meta name=\"twitter:label1\" content=\"Tiempo de lectura\" \/>\n\t<meta name=\"twitter:data1\" content=\"1 minuto\" \/>\n<script type=\"application\/ld+json\" class=\"yoast-schema-graph\">{\"@context\":\"https:\\\/\\\/schema.org\",\"@graph\":[{\"@type\":\"WebPage\",\"@id\":\"https:\\\/\\\/ratpark.studio\\\/es\\\/portafolio\\\/\",\"url\":\"https:\\\/\\\/ratpark.studio\\\/es\\\/portafolio\\\/\",\"name\":\"Portafolio - Rat Park - Branding para la Sostenibilidad\",\"isPartOf\":{\"@id\":\"https:\\\/\\\/ratpark.studio\\\/#website\"},\"datePublished\":\"2022-05-24T15:58:46+00:00\",\"dateModified\":\"2026-04-15T22:48:30+00:00\",\"breadcrumb\":{\"@id\":\"https:\\\/\\\/ratpark.studio\\\/es\\\/portafolio\\\/#breadcrumb\"},\"inLanguage\":\"es-CO\",\"potentialAction\":[{\"@type\":\"ReadAction\",\"target\":[\"https:\\\/\\\/ratpark.studio\\\/es\\\/portafolio\\\/\"]}]},{\"@type\":\"BreadcrumbList\",\"@id\":\"https:\\\/\\\/ratpark.studio\\\/es\\\/portafolio\\\/#breadcrumb\",\"itemListElement\":[{\"@type\":\"ListItem\",\"position\":1,\"name\":\"Inicio\",\"item\":\"https:\\\/\\\/ratpark.studio\\\/\"},{\"@type\":\"ListItem\",\"position\":2,\"name\":\"Portafolio\"}]},{\"@type\":\"WebSite\",\"@id\":\"https:\\\/\\\/ratpark.studio\\\/#website\",\"url\":\"https:\\\/\\\/ratpark.studio\\\/\",\"name\":\"Rat Park - Branding para la Sostenibilidad\",\"description\":\"Somos una agencia creadora de marcas. Ofrecemos estrategias de marca, dise\u00f1o de logos y sistemas de identidad para iniciativas que trabajan por un mundo mejor.\",\"publisher\":{\"@id\":\"https:\\\/\\\/ratpark.studio\\\/#organization\"},\"potentialAction\":[{\"@type\":\"SearchAction\",\"target\":{\"@type\":\"EntryPoint\",\"urlTemplate\":\"https:\\\/\\\/ratpark.studio\\\/?s={search_term_string}\"},\"query-input\":{\"@type\":\"PropertyValueSpecification\",\"valueRequired\":true,\"valueName\":\"search_term_string\"}}],\"inLanguage\":\"es-CO\"},{\"@type\":\"Organization\",\"@id\":\"https:\\\/\\\/ratpark.studio\\\/#organization\",\"name\":\"Rat Park Studio\",\"url\":\"https:\\\/\\\/ratpark.studio\\\/\",\"logo\":{\"@type\":\"ImageObject\",\"inLanguage\":\"es-CO\",\"@id\":\"https:\\\/\\\/ratpark.studio\\\/#\\\/schema\\\/logo\\\/image\\\/\",\"url\":\"https:\\\/\\\/ratpark.studio\\\/wp-content\\\/uploads\\\/2022\\\/06\\\/ProfileFaceBook.jpg\",\"contentUrl\":\"https:\\\/\\\/ratpark.studio\\\/wp-content\\\/uploads\\\/2022\\\/06\\\/ProfileFaceBook.jpg\",\"width\":1080,\"height\":1080,\"caption\":\"Rat Park Studio\"},\"image\":{\"@id\":\"https:\\\/\\\/ratpark.studio\\\/#\\\/schema\\\/logo\\\/image\\\/\"},\"sameAs\":[\"https:\\\/\\\/www.facebook.com\\\/parqueratuno\",\"https:\\\/\\\/www.instagram.com\\\/ratparkstudio\\\/\",\"https:\\\/\\\/www.linkedin.com\\\/company\\\/rat-park-studio\\\/\"]}]}<\/script>\n<!-- \/ Yoast SEO plugin. -->","yoast_head_json":{"title":"Portafolio - Rat Park - Branding para la Sostenibilidad","robots":{"index":"index","follow":"follow","max-snippet":"max-snippet:-1","max-image-preview":"max-image-preview:large","max-video-preview":"max-video-preview:-1"},"canonical":"https:\/\/ratpark.studio\/es\/portafolio\/","og_locale":"es_ES","og_type":"article","og_title":"Portafolio - Rat Park - Branding para la Sostenibilidad","og_description":"Portafolio de Logos &nbsp; Esta es una selecci\u00f3n de proyectos dise\u00f1ados por Germ\u00e1n Silva - RatPark.Studio desde 2014. Dentro de cada logo encontrar\u00e1s los detalles junto con el proceso de su dise\u00f1o.Si estas marcas te gustan imagina lo que podemos hacer con la tuya.","og_url":"https:\/\/ratpark.studio\/es\/portafolio\/","og_site_name":"Rat Park - Branding para la Sostenibilidad","article_publisher":"https:\/\/www.facebook.com\/parqueratuno","article_modified_time":"2026-04-15T22:48:30+00:00","og_image":[{"width":1081,"height":1081,"url":"https:\/\/ratpark.studio\/wp-content\/uploads\/2022\/06\/LogoRatPark.png","type":"image\/png"}],"twitter_card":"summary_large_image","twitter_misc":{"Tiempo de lectura":"1 minuto"},"schema":{"@context":"https:\/\/schema.org","@graph":[{"@type":"WebPage","@id":"https:\/\/ratpark.studio\/es\/portafolio\/","url":"https:\/\/ratpark.studio\/es\/portafolio\/","name":"Portafolio - Rat Park - Branding para la Sostenibilidad","isPartOf":{"@id":"https:\/\/ratpark.studio\/#website"},"datePublished":"2022-05-24T15:58:46+00:00","dateModified":"2026-04-15T22:48:30+00:00","breadcrumb":{"@id":"https:\/\/ratpark.studio\/es\/portafolio\/#breadcrumb"},"inLanguage":"es-CO","potentialAction":[{"@type":"ReadAction","target":["https:\/\/ratpark.studio\/es\/portafolio\/"]}]},{"@type":"BreadcrumbList","@id":"https:\/\/ratpark.studio\/es\/portafolio\/#breadcrumb","itemListElement":[{"@type":"ListItem","position":1,"name":"Inicio","item":"https:\/\/ratpark.studio\/"},{"@type":"ListItem","position":2,"name":"Portafolio"}]},{"@type":"WebSite","@id":"https:\/\/ratpark.studio\/#website","url":"https:\/\/ratpark.studio\/","name":"Rat Park - Branding para la Sostenibilidad","description":"Somos una agencia creadora de marcas. Ofrecemos estrategias de marca, dise\u00f1o de logos y sistemas de identidad para iniciativas que trabajan por un mundo mejor.","publisher":{"@id":"https:\/\/ratpark.studio\/#organization"},"potentialAction":[{"@type":"SearchAction","target":{"@type":"EntryPoint","urlTemplate":"https:\/\/ratpark.studio\/?s={search_term_string}"},"query-input":{"@type":"PropertyValueSpecification","valueRequired":true,"valueName":"search_term_string"}}],"inLanguage":"es-CO"},{"@type":"Organization","@id":"https:\/\/ratpark.studio\/#organization","name":"Rat Park Studio","url":"https:\/\/ratpark.studio\/","logo":{"@type":"ImageObject","inLanguage":"es-CO","@id":"https:\/\/ratpark.studio\/#\/schema\/logo\/image\/","url":"https:\/\/ratpark.studio\/wp-content\/uploads\/2022\/06\/ProfileFaceBook.jpg","contentUrl":"https:\/\/ratpark.studio\/wp-content\/uploads\/2022\/06\/ProfileFaceBook.jpg","width":1080,"height":1080,"caption":"Rat Park Studio"},"image":{"@id":"https:\/\/ratpark.studio\/#\/schema\/logo\/image\/"},"sameAs":["https:\/\/www.facebook.com\/parqueratuno","https:\/\/www.instagram.com\/ratparkstudio\/","https:\/\/www.linkedin.com\/company\/rat-park-studio\/"]}]}},"_links":{"self":[{"href":"https:\/\/ratpark.studio\/es\/wp-json\/wp\/v2\/pages\/793","targetHints":{"allow":["GET"]}}],"collection":[{"href":"https:\/\/ratpark.studio\/es\/wp-json\/wp\/v2\/pages"}],"about":[{"href":"https:\/\/ratpark.studio\/es\/wp-json\/wp\/v2\/types\/page"}],"author":[{"embeddable":true,"href":"https:\/\/ratpark.studio\/es\/wp-json\/wp\/v2\/users\/1"}],"replies":[{"embeddable":true,"href":"https:\/\/ratpark.studio\/es\/wp-json\/wp\/v2\/comments?post=793"}],"version-history":[{"count":5,"href":"https:\/\/ratpark.studio\/es\/wp-json\/wp\/v2\/pages\/793\/revisions"}],"predecessor-version":[{"id":3565,"href":"https:\/\/ratpark.studio\/es\/wp-json\/wp\/v2\/pages\/793\/revisions\/3565"}],"wp:attachment":[{"href":"https:\/\/ratpark.studio\/es\/wp-json\/wp\/v2\/media?parent=793"}],"curies":[{"name":"wp","href":"https:\/\/api.w.org\/{rel}","templated":true}]}}