{"id":2461,"date":"2023-05-30T19:09:19","date_gmt":"2023-05-31T00:09:19","guid":{"rendered":"https:\/\/ratpark.studio\/?post_type=product&#038;p=2461"},"modified":"2023-05-31T11:23:31","modified_gmt":"2023-05-31T16:23:31","slug":"afiche-sueno-sesil","status":"publish","type":"product","link":"https:\/\/ratpark.studio\/en\/product\/afiche-sueno-sesil\/","title":{"rendered":"Sue\u00f1o S\u00e9sil"},"content":{"rendered":"<p>La obra interdisciplinaria &#8220;Sue\u00f1o S\u00e9sil&#8221;, abarcara adem\u00e1s de la danza, las nuevas tecnolog\u00edas y los trabajos colaborativos de artistas locales.<\/p>\n<p>Parte de una aproximaci\u00f3n simb\u00f3lica y real: la experiencia de habitar un cuerpo inm\u00f3vil con la experiencia de habitar un cuerpo s\u00e9sil, el cual crece arraigado a su base de la que no se separa y sobre la que no se desplaza.<\/p>\n<p>Estos son algunos de los mejores fotogramas del cortometraje basados en la danza de Mariana Cadena, la m\u00fasica de Gabriel Bass, la cinematograf\u00eda de Alejandro G\u00f3mez, y la animaci\u00f3n IA por Germ\u00e1n Silva.<\/p>\n<p>M\u00edralo en YouTube: <a href=\"https:\/\/youtu.be\/W8BrkKHhBU0\">https:\/\/youtu.be\/W8BrkKHhBU0<\/a><\/p>\n<span class=\"et_bloom_bottom_trigger\"><\/span>","protected":false},"excerpt":{"rendered":"<p>La obra interdisciplinaria &#8220;Sue\u00f1o S\u00e9sil&#8221;, abarcara adem\u00e1s de la danza, las nuevas tecnolog\u00edas y los trabajos colaborativos de artistas locales.<\/p>\n<p>Parte de una aproximaci\u00f3n simb\u00f3lica y real: la experiencia de habitar un cuerpo inm\u00f3vil con la experiencia de habitar un cuerpo s\u00e9sil, el cual crece arraigado a su base de la que no se separa y sobre la que no se desplaza.<\/p>\n<p>Estos son algunos de los mejores fotogramas del cortometraje basados en la danza de Mariana Cadena, la m\u00fasica de Gabriel Bass, la cinematograf\u00eda de Alejandro G\u00f3mez, y la animaci\u00f3n IA por Germ\u00e1n Silva.<\/p>\n<p>M\u00edralo en YouTube: https:\/\/youtu.be\/W8BrkKHhBU0<\/p>","protected":false},"featured_media":2463,"comment_status":"open","ping_status":"closed","template":"","meta":{"_et_pb_use_builder":"","_et_pb_old_content":"","_et_gb_content_width":""},"product_brand":[],"product_cat":[44],"product_tag":[45,48,49,47,46],"class_list":{"0":"post-2461","1":"product","2":"type-product","3":"status-publish","4":"has-post-thumbnail","6":"product_cat-afiches","7":"product_tag-afiche","8":"product_tag-custodios-de-semillas","9":"product_tag-guardianes-de-semillas","10":"product_tag-mosaico","11":"product_tag-semillas","13":"first","14":"instock","15":"sale","16":"shipping-taxable","17":"purchasable","18":"product-type-simple"},"yoast_head":"<!-- This site is optimized with the Yoast SEO plugin v27.5 - https:\/\/yoast.com\/product\/yoast-seo-wordpress\/ -->\n<title>Sue\u00f1o S\u00e9sil - Rat Park - Branding para la Sostenibilidad<\/title>\n<meta name=\"description\" content=\"Afiche de la obra interdisciplinaria &quot;Sue\u00f1o S\u00e9sil&quot;, que abarca adem\u00e1s de la danza, las nuevas tecnolog\u00edas y los trabajos colaborativos de artistas locales.\" \/>\n<meta name=\"robots\" content=\"index, follow, max-snippet:-1, max-image-preview:large, max-video-preview:-1\" \/>\n<link rel=\"canonical\" href=\"https:\/\/ratpark.studio\/en\/product\/afiche-sueno-sesil\/\" \/>\n<meta property=\"og:locale\" content=\"en_US\" \/>\n<meta property=\"og:type\" content=\"article\" \/>\n<meta property=\"og:title\" content=\"Sue\u00f1o S\u00e9sil - Rat Park - Branding para la Sostenibilidad\" \/>\n<meta property=\"og:description\" content=\"Afiche de la obra interdisciplinaria &quot;Sue\u00f1o S\u00e9sil&quot;, que abarca adem\u00e1s de la danza, las nuevas tecnolog\u00edas y los trabajos colaborativos de artistas locales.\" \/>\n<meta property=\"og:url\" content=\"https:\/\/ratpark.studio\/en\/product\/afiche-sueno-sesil\/\" \/>\n<meta property=\"og:site_name\" content=\"Rat Park - Branding para la Sostenibilidad\" \/>\n<meta property=\"article:publisher\" content=\"https:\/\/www.facebook.com\/parqueratuno\" \/>\n<meta property=\"article:modified_time\" content=\"2023-05-31T16:23:31+00:00\" \/>\n<meta property=\"og:image\" content=\"https:\/\/ratpark.studio\/wp-content\/uploads\/2023\/05\/AficheSuenoSesil-80-1.jpg\" \/>\n\t<meta property=\"og:image:width\" content=\"521\" \/>\n\t<meta property=\"og:image:height\" content=\"729\" \/>\n\t<meta property=\"og:image:type\" content=\"image\/jpeg\" \/>\n<meta name=\"twitter:card\" content=\"summary_large_image\" \/>\n<meta name=\"twitter:label1\" content=\"Est. reading time\" \/>\n\t<meta name=\"twitter:data1\" content=\"1 minute\" \/>\n<script type=\"application\/ld+json\" class=\"yoast-schema-graph\">{\"@context\":\"https:\\\/\\\/schema.org\",\"@graph\":[{\"@type\":\"WebPage\",\"@id\":\"https:\\\/\\\/ratpark.studio\\\/producto\\\/afiche-sueno-sesil\\\/\",\"url\":\"https:\\\/\\\/ratpark.studio\\\/producto\\\/afiche-sueno-sesil\\\/\",\"name\":\"Sue\u00f1o S\u00e9sil - Rat Park - Branding para la Sostenibilidad\",\"isPartOf\":{\"@id\":\"https:\\\/\\\/ratpark.studio\\\/#website\"},\"primaryImageOfPage\":{\"@id\":\"https:\\\/\\\/ratpark.studio\\\/producto\\\/afiche-sueno-sesil\\\/#primaryimage\"},\"image\":{\"@id\":\"https:\\\/\\\/ratpark.studio\\\/producto\\\/afiche-sueno-sesil\\\/#primaryimage\"},\"thumbnailUrl\":\"https:\\\/\\\/ratpark.studio\\\/wp-content\\\/uploads\\\/2023\\\/05\\\/AficheSuenoSesil-80-1.jpg\",\"datePublished\":\"2023-05-31T00:09:19+00:00\",\"dateModified\":\"2023-05-31T16:23:31+00:00\",\"description\":\"Afiche de la obra interdisciplinaria \\\"Sue\u00f1o S\u00e9sil\\\", que abarca adem\u00e1s de la danza, las nuevas tecnolog\u00edas y los trabajos colaborativos de artistas locales.\",\"breadcrumb\":{\"@id\":\"https:\\\/\\\/ratpark.studio\\\/producto\\\/afiche-sueno-sesil\\\/#breadcrumb\"},\"inLanguage\":\"en-US\",\"potentialAction\":[{\"@type\":\"ReadAction\",\"target\":[\"https:\\\/\\\/ratpark.studio\\\/producto\\\/afiche-sueno-sesil\\\/\"]}]},{\"@type\":\"ImageObject\",\"inLanguage\":\"en-US\",\"@id\":\"https:\\\/\\\/ratpark.studio\\\/producto\\\/afiche-sueno-sesil\\\/#primaryimage\",\"url\":\"https:\\\/\\\/ratpark.studio\\\/wp-content\\\/uploads\\\/2023\\\/05\\\/AficheSuenoSesil-80-1.jpg\",\"contentUrl\":\"https:\\\/\\\/ratpark.studio\\\/wp-content\\\/uploads\\\/2023\\\/05\\\/AficheSuenoSesil-80-1.jpg\",\"width\":521,\"height\":729,\"caption\":\"Sue\u00f1o S\u00e9sil\"},{\"@type\":\"BreadcrumbList\",\"@id\":\"https:\\\/\\\/ratpark.studio\\\/producto\\\/afiche-sueno-sesil\\\/#breadcrumb\",\"itemListElement\":[{\"@type\":\"ListItem\",\"position\":1,\"name\":\"Inicio\",\"item\":\"https:\\\/\\\/ratpark.studio\\\/\"},{\"@type\":\"ListItem\",\"position\":2,\"name\":\"Tienda\",\"item\":\"https:\\\/\\\/ratpark.studio\\\/tienda\\\/\"},{\"@type\":\"ListItem\",\"position\":3,\"name\":\"Sue\u00f1o S\u00e9sil\"}]},{\"@type\":\"WebSite\",\"@id\":\"https:\\\/\\\/ratpark.studio\\\/#website\",\"url\":\"https:\\\/\\\/ratpark.studio\\\/\",\"name\":\"Rat Park - Branding para la Sostenibilidad\",\"description\":\"Somos una agencia creadora de marcas. Ofrecemos estrategias de marca, dise\u00f1o de logos y sistemas de identidad para iniciativas que trabajan por un mundo mejor.\",\"publisher\":{\"@id\":\"https:\\\/\\\/ratpark.studio\\\/#organization\"},\"potentialAction\":[{\"@type\":\"SearchAction\",\"target\":{\"@type\":\"EntryPoint\",\"urlTemplate\":\"https:\\\/\\\/ratpark.studio\\\/?s={search_term_string}\"},\"query-input\":{\"@type\":\"PropertyValueSpecification\",\"valueRequired\":true,\"valueName\":\"search_term_string\"}}],\"inLanguage\":\"en-US\"},{\"@type\":\"Organization\",\"@id\":\"https:\\\/\\\/ratpark.studio\\\/#organization\",\"name\":\"Rat Park Studio\",\"url\":\"https:\\\/\\\/ratpark.studio\\\/\",\"logo\":{\"@type\":\"ImageObject\",\"inLanguage\":\"en-US\",\"@id\":\"https:\\\/\\\/ratpark.studio\\\/#\\\/schema\\\/logo\\\/image\\\/\",\"url\":\"https:\\\/\\\/ratpark.studio\\\/wp-content\\\/uploads\\\/2022\\\/06\\\/ProfileFaceBook.jpg\",\"contentUrl\":\"https:\\\/\\\/ratpark.studio\\\/wp-content\\\/uploads\\\/2022\\\/06\\\/ProfileFaceBook.jpg\",\"width\":1080,\"height\":1080,\"caption\":\"Rat Park Studio\"},\"image\":{\"@id\":\"https:\\\/\\\/ratpark.studio\\\/#\\\/schema\\\/logo\\\/image\\\/\"},\"sameAs\":[\"https:\\\/\\\/www.facebook.com\\\/parqueratuno\",\"https:\\\/\\\/www.instagram.com\\\/ratparkstudio\\\/\",\"https:\\\/\\\/www.linkedin.com\\\/company\\\/rat-park-studio\\\/\"]}]}<\/script>\n<!-- \/ Yoast SEO plugin. -->","yoast_head_json":{"title":"Sue\u00f1o S\u00e9sil - Rat Park - Branding para la Sostenibilidad","description":"Afiche de la obra interdisciplinaria \"Sue\u00f1o S\u00e9sil\", que abarca adem\u00e1s de la danza, las nuevas tecnolog\u00edas y los trabajos colaborativos de artistas locales.","robots":{"index":"index","follow":"follow","max-snippet":"max-snippet:-1","max-image-preview":"max-image-preview:large","max-video-preview":"max-video-preview:-1"},"canonical":"https:\/\/ratpark.studio\/en\/product\/afiche-sueno-sesil\/","og_locale":"en_US","og_type":"article","og_title":"Sue\u00f1o S\u00e9sil - Rat Park - Branding para la Sostenibilidad","og_description":"Afiche de la obra interdisciplinaria \"Sue\u00f1o S\u00e9sil\", que abarca adem\u00e1s de la danza, las nuevas tecnolog\u00edas y los trabajos colaborativos de artistas locales.","og_url":"https:\/\/ratpark.studio\/en\/product\/afiche-sueno-sesil\/","og_site_name":"Rat Park - Branding para la Sostenibilidad","article_publisher":"https:\/\/www.facebook.com\/parqueratuno","article_modified_time":"2023-05-31T16:23:31+00:00","og_image":[{"width":521,"height":729,"url":"https:\/\/ratpark.studio\/wp-content\/uploads\/2023\/05\/AficheSuenoSesil-80-1.jpg","type":"image\/jpeg"}],"twitter_card":"summary_large_image","twitter_misc":{"Est. reading time":"1 minute"},"schema":{"@context":"https:\/\/schema.org","@graph":[{"@type":"WebPage","@id":"https:\/\/ratpark.studio\/producto\/afiche-sueno-sesil\/","url":"https:\/\/ratpark.studio\/producto\/afiche-sueno-sesil\/","name":"Sue\u00f1o S\u00e9sil - Rat Park - Branding para la Sostenibilidad","isPartOf":{"@id":"https:\/\/ratpark.studio\/#website"},"primaryImageOfPage":{"@id":"https:\/\/ratpark.studio\/producto\/afiche-sueno-sesil\/#primaryimage"},"image":{"@id":"https:\/\/ratpark.studio\/producto\/afiche-sueno-sesil\/#primaryimage"},"thumbnailUrl":"https:\/\/ratpark.studio\/wp-content\/uploads\/2023\/05\/AficheSuenoSesil-80-1.jpg","datePublished":"2023-05-31T00:09:19+00:00","dateModified":"2023-05-31T16:23:31+00:00","description":"Afiche de la obra interdisciplinaria \"Sue\u00f1o S\u00e9sil\", que abarca adem\u00e1s de la danza, las nuevas tecnolog\u00edas y los trabajos colaborativos de artistas locales.","breadcrumb":{"@id":"https:\/\/ratpark.studio\/producto\/afiche-sueno-sesil\/#breadcrumb"},"inLanguage":"en-US","potentialAction":[{"@type":"ReadAction","target":["https:\/\/ratpark.studio\/producto\/afiche-sueno-sesil\/"]}]},{"@type":"ImageObject","inLanguage":"en-US","@id":"https:\/\/ratpark.studio\/producto\/afiche-sueno-sesil\/#primaryimage","url":"https:\/\/ratpark.studio\/wp-content\/uploads\/2023\/05\/AficheSuenoSesil-80-1.jpg","contentUrl":"https:\/\/ratpark.studio\/wp-content\/uploads\/2023\/05\/AficheSuenoSesil-80-1.jpg","width":521,"height":729,"caption":"Sue\u00f1o S\u00e9sil"},{"@type":"BreadcrumbList","@id":"https:\/\/ratpark.studio\/producto\/afiche-sueno-sesil\/#breadcrumb","itemListElement":[{"@type":"ListItem","position":1,"name":"Inicio","item":"https:\/\/ratpark.studio\/"},{"@type":"ListItem","position":2,"name":"Tienda","item":"https:\/\/ratpark.studio\/tienda\/"},{"@type":"ListItem","position":3,"name":"Sue\u00f1o S\u00e9sil"}]},{"@type":"WebSite","@id":"https:\/\/ratpark.studio\/#website","url":"https:\/\/ratpark.studio\/","name":"Rat Park - Branding para la Sostenibilidad","description":"We are a branding agency. We offer brand strategies, logo design and identity systems for initiatives that work for a better world.","publisher":{"@id":"https:\/\/ratpark.studio\/#organization"},"potentialAction":[{"@type":"SearchAction","target":{"@type":"EntryPoint","urlTemplate":"https:\/\/ratpark.studio\/?s={search_term_string}"},"query-input":{"@type":"PropertyValueSpecification","valueRequired":true,"valueName":"search_term_string"}}],"inLanguage":"en-US"},{"@type":"Organization","@id":"https:\/\/ratpark.studio\/#organization","name":"Rat Park Studio","url":"https:\/\/ratpark.studio\/","logo":{"@type":"ImageObject","inLanguage":"en-US","@id":"https:\/\/ratpark.studio\/#\/schema\/logo\/image\/","url":"https:\/\/ratpark.studio\/wp-content\/uploads\/2022\/06\/ProfileFaceBook.jpg","contentUrl":"https:\/\/ratpark.studio\/wp-content\/uploads\/2022\/06\/ProfileFaceBook.jpg","width":1080,"height":1080,"caption":"Rat Park Studio"},"image":{"@id":"https:\/\/ratpark.studio\/#\/schema\/logo\/image\/"},"sameAs":["https:\/\/www.facebook.com\/parqueratuno","https:\/\/www.instagram.com\/ratparkstudio\/","https:\/\/www.linkedin.com\/company\/rat-park-studio\/"]}]}},"_links":{"self":[{"href":"https:\/\/ratpark.studio\/en\/wp-json\/wp\/v2\/product\/2461","targetHints":{"allow":["GET"]}}],"collection":[{"href":"https:\/\/ratpark.studio\/en\/wp-json\/wp\/v2\/product"}],"about":[{"href":"https:\/\/ratpark.studio\/en\/wp-json\/wp\/v2\/types\/product"}],"replies":[{"embeddable":true,"href":"https:\/\/ratpark.studio\/en\/wp-json\/wp\/v2\/comments?post=2461"}],"wp:featuredmedia":[{"embeddable":true,"href":"https:\/\/ratpark.studio\/en\/wp-json\/wp\/v2\/media\/2463"}],"wp:attachment":[{"href":"https:\/\/ratpark.studio\/en\/wp-json\/wp\/v2\/media?parent=2461"}],"wp:term":[{"taxonomy":"product_brand","embeddable":true,"href":"https:\/\/ratpark.studio\/en\/wp-json\/wp\/v2\/product_brand?post=2461"},{"taxonomy":"product_cat","embeddable":true,"href":"https:\/\/ratpark.studio\/en\/wp-json\/wp\/v2\/product_cat?post=2461"},{"taxonomy":"product_tag","embeddable":true,"href":"https:\/\/ratpark.studio\/en\/wp-json\/wp\/v2\/product_tag?post=2461"}],"curies":[{"name":"wp","href":"https:\/\/api.w.org\/{rel}","templated":true}]}}