{"id":724,"date":"2022-05-19T10:44:38","date_gmt":"2022-05-19T15:44:38","guid":{"rendered":"https:\/\/ratpark.studio\/?page_id=724"},"modified":"2022-08-05T10:00:16","modified_gmt":"2022-08-05T15:00:16","slug":"contacto","status":"publish","type":"page","link":"https:\/\/ratpark.studio\/en\/contacto\/","title":{"rendered":"Contact Us"},"content":{"rendered":"<p>[et_pb_section fb_built=&#8221;1&#8243; _builder_version=&#8221;4.14.0&#8243; _module_preset=&#8221;default&#8221; background_color=&#8221;RGBA(0,0,0,0)&#8221; background_color_gradient_start=&#8221;#141941&#8243; background_color_gradient_end=&#8221;#222569&#8243; background_enable_image=&#8221;off&#8221; background_size=&#8221;initial&#8221; background_position=&#8221;bottom_center&#8221; background_repeat=&#8221;repeat&#8221; background_blend=&#8221;overlay&#8221; hover_enabled=&#8221;0&#8243; global_colors_info=&#8221;{}&#8221; sticky_enabled=&#8221;0&#8243;][et_pb_row column_structure=&#8221;1_4,3_4&#8243; _builder_version=&#8221;4.14.0&#8243; _module_preset=&#8221;default&#8221; global_colors_info=&#8221;{}&#8221;][et_pb_column type=&#8221;1_4&#8243; _builder_version=&#8221;4.14.0&#8243; _module_preset=&#8221;default&#8221; global_colors_info=&#8221;{}&#8221;][et_pb_image src=&#8221;https:\/\/ratpark.studio\/wp-content\/uploads\/2022\/05\/LogoRatPark@2x.png&#8221; alt=&#8221;Rat Park&#8221; title_text=&#8221;LogoRatPark@2x&#8221; url=&#8221;@ET-DC@eyJkeW5hbWljIjp0cnVlLCJjb250ZW50IjoiaG9tZV91cmwiLCJzZXR0aW5ncyI6e319@&#8221; _builder_version=&#8221;4.14.0&#8243; _dynamic_attributes=&#8221;url&#8221; _module_preset=&#8221;default&#8221; custom_padding=&#8221;20px|20px|20px|20px|true|true&#8221; filter_brightness=&#8221;0%&#8221; filter_invert=&#8221;100%&#8221; filter_sepia=&#8221;100%&#8221; locked=&#8221;off&#8221; global_colors_info=&#8221;{}&#8221;][\/et_pb_image][\/et_pb_column][et_pb_column type=&#8221;3_4&#8243; _builder_version=&#8221;4.14.0&#8243; _module_preset=&#8221;default&#8221; global_colors_info=&#8221;{}&#8221;][et_pb_text _builder_version=&#8221;4.14.0&#8243; _module_preset=&#8221;default&#8221; global_colors_info=&#8221;{}&#8221;]<\/p>\n<h1>Una marca estelar por favor<\/h1>\n<p>Gracias por mostrar inter\u00e9s en nuestro trabajo! Espero que este sea el inicio de una gran relaci\u00f3n.<br \/>Me gustar\u00eda saber m\u00e1s sobre tu negocio o iniciativa. Escr\u00edbeme a <a href=\"mailto:german@ratpark.studio\">german@ratpark.studio<\/a> o llena el\u00a0 formulario para as\u00ed contarte m\u00e1s sobre el proceso.<\/p>\n<p>[\/et_pb_text][et_pb_contact_form email=&#8221;german@ratpark.studio&#8221; success_message=&#8221;Gracias! muy pronto me pondr\u00e9 en contacto&#8221; submit_button_text=&#8221;Enviar&#8221; _builder_version=&#8221;4.14.0&#8243; _module_preset=&#8221;default&#8221; _unique_id=&#8221;c01847c4-c309-49e7-8ede-5004c79a2509&#8243; custom_button=&#8221;on&#8221; button_use_icon=&#8221;off&#8221; global_colors_info=&#8221;{}&#8221;][et_pb_contact_field field_id=&#8221;Nombre&#8221; field_title=&#8221;Nombre&#8221; _builder_version=&#8221;4.14.0&#8243; global_colors_info=&#8221;{}&#8221; button_text_size__hover_enabled=&#8221;off&#8221; button_one_text_size__hover_enabled=&#8221;off&#8221; button_two_text_size__hover_enabled=&#8221;off&#8221; button_text_color__hover_enabled=&#8221;off&#8221; button_one_text_color__hover_enabled=&#8221;off&#8221; button_two_text_color__hover_enabled=&#8221;off&#8221; button_border_width__hover_enabled=&#8221;off&#8221; button_one_border_width__hover_enabled=&#8221;off&#8221; button_two_border_width__hover_enabled=&#8221;off&#8221; button_border_color__hover_enabled=&#8221;off&#8221; button_one_border_color__hover_enabled=&#8221;off&#8221; button_two_border_color__hover_enabled=&#8221;off&#8221; button_border_radius__hover_enabled=&#8221;off&#8221; button_one_border_radius__hover_enabled=&#8221;off&#8221; button_two_border_radius__hover_enabled=&#8221;off&#8221; button_letter_spacing__hover_enabled=&#8221;off&#8221; button_one_letter_spacing__hover_enabled=&#8221;off&#8221; button_two_letter_spacing__hover_enabled=&#8221;off&#8221; button_bg_color__hover_enabled=&#8221;off&#8221; button_one_bg_color__hover_enabled=&#8221;off&#8221; button_two_bg_color__hover_enabled=&#8221;off&#8221;][\/et_pb_contact_field][et_pb_contact_field field_id=&#8221;Email&#8221; field_title=&#8221;Direcci\u00f3n de correo electr\u00f3nico&#8221; field_type=&#8221;email&#8221; _builder_version=&#8221;4.14.0&#8243; global_colors_info=&#8221;{}&#8221; button_text_size__hover_enabled=&#8221;off&#8221; button_one_text_size__hover_enabled=&#8221;off&#8221; button_two_text_size__hover_enabled=&#8221;off&#8221; button_text_color__hover_enabled=&#8221;off&#8221; button_one_text_color__hover_enabled=&#8221;off&#8221; button_two_text_color__hover_enabled=&#8221;off&#8221; button_border_width__hover_enabled=&#8221;off&#8221; button_one_border_width__hover_enabled=&#8221;off&#8221; button_two_border_width__hover_enabled=&#8221;off&#8221; button_border_color__hover_enabled=&#8221;off&#8221; button_one_border_color__hover_enabled=&#8221;off&#8221; button_two_border_color__hover_enabled=&#8221;off&#8221; button_border_radius__hover_enabled=&#8221;off&#8221; button_one_border_radius__hover_enabled=&#8221;off&#8221; button_two_border_radius__hover_enabled=&#8221;off&#8221; button_letter_spacing__hover_enabled=&#8221;off&#8221; button_one_letter_spacing__hover_enabled=&#8221;off&#8221; button_two_letter_spacing__hover_enabled=&#8221;off&#8221; button_bg_color__hover_enabled=&#8221;off&#8221; button_one_bg_color__hover_enabled=&#8221;off&#8221; button_two_bg_color__hover_enabled=&#8221;off&#8221;][\/et_pb_contact_field][et_pb_contact_field field_id=&#8221;Message&#8221; field_title=&#8221;\u00bfEn que consiste su negocio o iniciativa?&#8221; field_type=&#8221;text&#8221; fullwidth_field=&#8221;on&#8221; _builder_version=&#8221;4.14.0&#8243; global_colors_info=&#8221;{}&#8221; button_text_size__hover_enabled=&#8221;off&#8221; button_one_text_size__hover_enabled=&#8221;off&#8221; button_two_text_size__hover_enabled=&#8221;off&#8221; button_text_color__hover_enabled=&#8221;off&#8221; button_one_text_color__hover_enabled=&#8221;off&#8221; button_two_text_color__hover_enabled=&#8221;off&#8221; button_border_width__hover_enabled=&#8221;off&#8221; button_one_border_width__hover_enabled=&#8221;off&#8221; button_two_border_width__hover_enabled=&#8221;off&#8221; button_border_color__hover_enabled=&#8221;off&#8221; button_one_border_color__hover_enabled=&#8221;off&#8221; button_two_border_color__hover_enabled=&#8221;off&#8221; button_border_radius__hover_enabled=&#8221;off&#8221; button_one_border_radius__hover_enabled=&#8221;off&#8221; button_two_border_radius__hover_enabled=&#8221;off&#8221; button_letter_spacing__hover_enabled=&#8221;off&#8221; button_one_letter_spacing__hover_enabled=&#8221;off&#8221; button_two_letter_spacing__hover_enabled=&#8221;off&#8221; button_bg_color__hover_enabled=&#8221;off&#8221; button_one_bg_color__hover_enabled=&#8221;off&#8221; button_two_bg_color__hover_enabled=&#8221;off&#8221;][\/et_pb_contact_field][\/et_pb_contact_form][\/et_pb_column][\/et_pb_row][\/et_pb_section]<\/p>\n<span class=\"et_bloom_bottom_trigger\"><\/span>","protected":false},"excerpt":{"rendered":"<p>Una marca estelar por favor Gracias por mostrar inter\u00e9s en nuestro trabajo! Espero que este sea el inicio de una gran relaci\u00f3n.Me gustar\u00eda saber m\u00e1s sobre tu negocio o iniciativa. Escr\u00edbeme a german@ratpark.studio o llena el\u00a0 formulario para as\u00ed contarte m\u00e1s sobre el proceso.<\/p>","protected":false},"author":1,"featured_media":0,"parent":0,"menu_order":0,"comment_status":"closed","ping_status":"closed","template":"","meta":{"_et_pb_use_builder":"on","_et_pb_old_content":"","_et_gb_content_width":"","footnotes":""},"class_list":["post-724","page","type-page","status-publish","hentry"],"yoast_head":"<!-- This site is optimized with the Yoast SEO plugin v27.4 - https:\/\/yoast.com\/product\/yoast-seo-wordpress\/ -->\n<title>Contacto - Rat Park - Branding para la Sostenibilidad<\/title>\n<meta name=\"robots\" content=\"index, follow, max-snippet:-1, max-image-preview:large, max-video-preview:-1\" \/>\n<link rel=\"canonical\" href=\"https:\/\/ratpark.studio\/en\/contacto\/\" \/>\n<meta property=\"og:locale\" content=\"en_US\" \/>\n<meta property=\"og:type\" content=\"article\" \/>\n<meta property=\"og:title\" content=\"Contacto - Rat Park - Branding para la Sostenibilidad\" \/>\n<meta property=\"og:description\" content=\"Una marca estelar por favor Gracias por mostrar inter\u00e9s en nuestro trabajo! Espero que este sea el inicio de una gran relaci\u00f3n.Me gustar\u00eda saber m\u00e1s sobre tu negocio o iniciativa. Escr\u00edbeme a german@ratpark.studio o llena el\u00a0 formulario para as\u00ed contarte m\u00e1s sobre el proceso.\" \/>\n<meta property=\"og:url\" content=\"https:\/\/ratpark.studio\/en\/contacto\/\" \/>\n<meta property=\"og:site_name\" content=\"Rat Park - Branding para la Sostenibilidad\" \/>\n<meta property=\"article:publisher\" content=\"https:\/\/www.facebook.com\/parqueratuno\" \/>\n<meta property=\"article:modified_time\" content=\"2022-08-05T15:00:16+00:00\" \/>\n<meta property=\"og:image\" content=\"https:\/\/ratpark.studio\/wp-content\/uploads\/2022\/06\/LogoRatPark.png\" \/>\n\t<meta property=\"og:image:width\" content=\"1081\" \/>\n\t<meta property=\"og:image:height\" content=\"1081\" \/>\n\t<meta property=\"og:image:type\" content=\"image\/png\" \/>\n<meta name=\"twitter:card\" content=\"summary_large_image\" \/>\n<meta name=\"twitter:label1\" content=\"Est. reading time\" \/>\n\t<meta name=\"twitter:data1\" content=\"4 minutes\" \/>\n<script type=\"application\/ld+json\" class=\"yoast-schema-graph\">{\"@context\":\"https:\\\/\\\/schema.org\",\"@graph\":[{\"@type\":\"WebPage\",\"@id\":\"https:\\\/\\\/ratpark.studio\\\/contacto\\\/\",\"url\":\"https:\\\/\\\/ratpark.studio\\\/contacto\\\/\",\"name\":\"Contacto - Rat Park - Branding para la Sostenibilidad\",\"isPartOf\":{\"@id\":\"https:\\\/\\\/ratpark.studio\\\/#website\"},\"datePublished\":\"2022-05-19T15:44:38+00:00\",\"dateModified\":\"2022-08-05T15:00:16+00:00\",\"breadcrumb\":{\"@id\":\"https:\\\/\\\/ratpark.studio\\\/contacto\\\/#breadcrumb\"},\"inLanguage\":\"en-US\",\"potentialAction\":[{\"@type\":\"ReadAction\",\"target\":[\"https:\\\/\\\/ratpark.studio\\\/contacto\\\/\"]}]},{\"@type\":\"BreadcrumbList\",\"@id\":\"https:\\\/\\\/ratpark.studio\\\/contacto\\\/#breadcrumb\",\"itemListElement\":[{\"@type\":\"ListItem\",\"position\":1,\"name\":\"Inicio\",\"item\":\"https:\\\/\\\/ratpark.studio\\\/\"},{\"@type\":\"ListItem\",\"position\":2,\"name\":\"Contacto\"}]},{\"@type\":\"WebSite\",\"@id\":\"https:\\\/\\\/ratpark.studio\\\/#website\",\"url\":\"https:\\\/\\\/ratpark.studio\\\/\",\"name\":\"Rat Park - Branding para la Sostenibilidad\",\"description\":\"Somos una agencia creadora de marcas. Ofrecemos estrategias de marca, dise\u00f1o de logos y sistemas de identidad para iniciativas que trabajan por un mundo mejor.\",\"publisher\":{\"@id\":\"https:\\\/\\\/ratpark.studio\\\/#organization\"},\"potentialAction\":[{\"@type\":\"SearchAction\",\"target\":{\"@type\":\"EntryPoint\",\"urlTemplate\":\"https:\\\/\\\/ratpark.studio\\\/?s={search_term_string}\"},\"query-input\":{\"@type\":\"PropertyValueSpecification\",\"valueRequired\":true,\"valueName\":\"search_term_string\"}}],\"inLanguage\":\"en-US\"},{\"@type\":\"Organization\",\"@id\":\"https:\\\/\\\/ratpark.studio\\\/#organization\",\"name\":\"Rat Park Studio\",\"url\":\"https:\\\/\\\/ratpark.studio\\\/\",\"logo\":{\"@type\":\"ImageObject\",\"inLanguage\":\"en-US\",\"@id\":\"https:\\\/\\\/ratpark.studio\\\/#\\\/schema\\\/logo\\\/image\\\/\",\"url\":\"https:\\\/\\\/ratpark.studio\\\/wp-content\\\/uploads\\\/2022\\\/06\\\/ProfileFaceBook.jpg\",\"contentUrl\":\"https:\\\/\\\/ratpark.studio\\\/wp-content\\\/uploads\\\/2022\\\/06\\\/ProfileFaceBook.jpg\",\"width\":1080,\"height\":1080,\"caption\":\"Rat Park Studio\"},\"image\":{\"@id\":\"https:\\\/\\\/ratpark.studio\\\/#\\\/schema\\\/logo\\\/image\\\/\"},\"sameAs\":[\"https:\\\/\\\/www.facebook.com\\\/parqueratuno\",\"https:\\\/\\\/www.instagram.com\\\/ratparkstudio\\\/\",\"https:\\\/\\\/www.linkedin.com\\\/company\\\/rat-park-studio\\\/\"]}]}<\/script>\n<!-- \/ Yoast SEO plugin. -->","yoast_head_json":{"title":"Contacto - Rat Park - Branding para la Sostenibilidad","robots":{"index":"index","follow":"follow","max-snippet":"max-snippet:-1","max-image-preview":"max-image-preview:large","max-video-preview":"max-video-preview:-1"},"canonical":"https:\/\/ratpark.studio\/en\/contacto\/","og_locale":"en_US","og_type":"article","og_title":"Contacto - Rat Park - Branding para la Sostenibilidad","og_description":"Una marca estelar por favor Gracias por mostrar inter\u00e9s en nuestro trabajo! Espero que este sea el inicio de una gran relaci\u00f3n.Me gustar\u00eda saber m\u00e1s sobre tu negocio o iniciativa. Escr\u00edbeme a german@ratpark.studio o llena el\u00a0 formulario para as\u00ed contarte m\u00e1s sobre el proceso.","og_url":"https:\/\/ratpark.studio\/en\/contacto\/","og_site_name":"Rat Park - Branding para la Sostenibilidad","article_publisher":"https:\/\/www.facebook.com\/parqueratuno","article_modified_time":"2022-08-05T15:00:16+00:00","og_image":[{"width":1081,"height":1081,"url":"https:\/\/ratpark.studio\/wp-content\/uploads\/2022\/06\/LogoRatPark.png","type":"image\/png"}],"twitter_card":"summary_large_image","twitter_misc":{"Est. reading time":"4 minutes"},"schema":{"@context":"https:\/\/schema.org","@graph":[{"@type":"WebPage","@id":"https:\/\/ratpark.studio\/contacto\/","url":"https:\/\/ratpark.studio\/contacto\/","name":"Contacto - Rat Park - Branding para la Sostenibilidad","isPartOf":{"@id":"https:\/\/ratpark.studio\/#website"},"datePublished":"2022-05-19T15:44:38+00:00","dateModified":"2022-08-05T15:00:16+00:00","breadcrumb":{"@id":"https:\/\/ratpark.studio\/contacto\/#breadcrumb"},"inLanguage":"en-US","potentialAction":[{"@type":"ReadAction","target":["https:\/\/ratpark.studio\/contacto\/"]}]},{"@type":"BreadcrumbList","@id":"https:\/\/ratpark.studio\/contacto\/#breadcrumb","itemListElement":[{"@type":"ListItem","position":1,"name":"Inicio","item":"https:\/\/ratpark.studio\/"},{"@type":"ListItem","position":2,"name":"Contacto"}]},{"@type":"WebSite","@id":"https:\/\/ratpark.studio\/#website","url":"https:\/\/ratpark.studio\/","name":"Rat Park - Branding para la Sostenibilidad","description":"We are a branding agency. We offer brand strategies, logo design and identity systems for initiatives that work for a better world.","publisher":{"@id":"https:\/\/ratpark.studio\/#organization"},"potentialAction":[{"@type":"SearchAction","target":{"@type":"EntryPoint","urlTemplate":"https:\/\/ratpark.studio\/?s={search_term_string}"},"query-input":{"@type":"PropertyValueSpecification","valueRequired":true,"valueName":"search_term_string"}}],"inLanguage":"en-US"},{"@type":"Organization","@id":"https:\/\/ratpark.studio\/#organization","name":"Rat Park Studio","url":"https:\/\/ratpark.studio\/","logo":{"@type":"ImageObject","inLanguage":"en-US","@id":"https:\/\/ratpark.studio\/#\/schema\/logo\/image\/","url":"https:\/\/ratpark.studio\/wp-content\/uploads\/2022\/06\/ProfileFaceBook.jpg","contentUrl":"https:\/\/ratpark.studio\/wp-content\/uploads\/2022\/06\/ProfileFaceBook.jpg","width":1080,"height":1080,"caption":"Rat Park Studio"},"image":{"@id":"https:\/\/ratpark.studio\/#\/schema\/logo\/image\/"},"sameAs":["https:\/\/www.facebook.com\/parqueratuno","https:\/\/www.instagram.com\/ratparkstudio\/","https:\/\/www.linkedin.com\/company\/rat-park-studio\/"]}]}},"_links":{"self":[{"href":"https:\/\/ratpark.studio\/en\/wp-json\/wp\/v2\/pages\/724","targetHints":{"allow":["GET"]}}],"collection":[{"href":"https:\/\/ratpark.studio\/en\/wp-json\/wp\/v2\/pages"}],"about":[{"href":"https:\/\/ratpark.studio\/en\/wp-json\/wp\/v2\/types\/page"}],"author":[{"embeddable":true,"href":"https:\/\/ratpark.studio\/en\/wp-json\/wp\/v2\/users\/1"}],"replies":[{"embeddable":true,"href":"https:\/\/ratpark.studio\/en\/wp-json\/wp\/v2\/comments?post=724"}],"version-history":[{"count":5,"href":"https:\/\/ratpark.studio\/en\/wp-json\/wp\/v2\/pages\/724\/revisions"}],"predecessor-version":[{"id":2015,"href":"https:\/\/ratpark.studio\/en\/wp-json\/wp\/v2\/pages\/724\/revisions\/2015"}],"wp:attachment":[{"href":"https:\/\/ratpark.studio\/en\/wp-json\/wp\/v2\/media?parent=724"}],"curies":[{"name":"wp","href":"https:\/\/api.w.org\/{rel}","templated":true}]}}