{"id":2339,"date":"2023-05-10T10:33:37","date_gmt":"2023-05-10T15:33:37","guid":{"rendered":"https:\/\/ratpark.studio\/?page_id=2339"},"modified":"2026-04-10T13:07:12","modified_gmt":"2026-04-10T18:07:12","slug":"inteligencia-artificial","status":"publish","type":"page","link":"https:\/\/ratpark.studio\/en\/inteligencia-artificial\/","title":{"rendered":"Inteligencia Artificial"},"content":{"rendered":"<p>[et_pb_section fb_built=&#8221;1&#8243; _builder_version=&#8221;4.20.4&#8243; _module_preset=&#8221;default&#8221; global_colors_info=&#8221;{}&#8221;][et_pb_row _builder_version=&#8221;4.20.4&#8243; _module_preset=&#8221;default&#8221; global_colors_info=&#8221;{}&#8221;][et_pb_column type=&#8221;4_4&#8243; _builder_version=&#8221;4.20.4&#8243; _module_preset=&#8221;default&#8221; global_colors_info=&#8221;{}&#8221;][et_pb_post_title meta=&#8221;off&#8221; featured_image=&#8221;off&#8221; _builder_version=&#8221;4.20.4&#8243; _module_preset=&#8221;default&#8221; global_colors_info=&#8221;{}&#8221;][\/et_pb_post_title][\/et_pb_column][\/et_pb_row][et_pb_row column_structure=&#8221;1_2,1_2&#8243; _builder_version=&#8221;4.20.4&#8243; _module_preset=&#8221;default&#8221; hover_enabled=&#8221;0&#8243; global_colors_info=&#8221;{}&#8221; sticky_enabled=&#8221;0&#8243;][et_pb_column type=&#8221;1_2&#8243; _builder_version=&#8221;4.20.4&#8243; _module_preset=&#8221;default&#8221; global_colors_info=&#8221;{}&#8221;][et_pb_text _builder_version=&#8221;4.22.1&#8243; _module_preset=&#8221;default&#8221; text_text_color=&#8221;#ffffff&#8221; hover_enabled=&#8221;0&#8243; global_colors_info=&#8221;{}&#8221; sticky_enabled=&#8221;0&#8243;]<\/p>\n<p>Desde el 2022 he estado experimentando con la inteligencia artificial especialmente para animaci\u00f3n y video.<\/p>\n<p>He visto de primera mano las diferentes transformaciones, herramientas y flujos de trabajo que han surgido en estos a\u00f1os.<\/p>\n<p>Tambi\u00e9n he tenido la oportunidad de trabajar con estas herramientas en cortos, documentales, video clips, y mappings. Demostrando que la IA est\u00e1 siendo una opci\u00f3n valiosa de generaci\u00f3n de contenido.<\/p>\n<p>Si te gusta este trabajo, me puedes escribir a <a href=\"mailto:german@ratpark.studio\" title=\"german@ratpark.studio\">german@ratpark.studio<\/a><\/p>\n<p>&nbsp;<\/p>\n<p>[\/et_pb_text][\/et_pb_column][et_pb_column type=&#8221;1_2&#8243; _builder_version=&#8221;4.20.4&#8243; _module_preset=&#8221;default&#8221; global_colors_info=&#8221;{}&#8221;][et_pb_video src=&#8221;https:\/\/youtu.be\/ktMWHqMfU3o&#8221; _builder_version=&#8221;4.22.1&#8243; _module_preset=&#8221;default&#8221; global_colors_info=&#8221;{}&#8221;][\/et_pb_video][\/et_pb_column][\/et_pb_row][\/et_pb_section][et_pb_section fb_built=&#8221;1&#8243; _builder_version=&#8221;4.20.4&#8243; _module_preset=&#8221;default&#8221; background_color=&#8221;#151741&#8243; custom_padding=&#8221;|||0px||&#8221; global_colors_info=&#8221;{}&#8221;][et_pb_row _builder_version=&#8221;4.20.4&#8243; _module_preset=&#8221;default&#8221; global_colors_info=&#8221;{}&#8221;][et_pb_column type=&#8221;4_4&#8243; _builder_version=&#8221;4.20.4&#8243; _module_preset=&#8221;default&#8221; global_colors_info=&#8221;{}&#8221;][et_pb_text _builder_version=&#8221;4.20.4&#8243; _module_preset=&#8221;default&#8221; text_text_color=&#8221;#ffffff&#8221; global_colors_info=&#8221;{}&#8221;]<\/p>\n<h4>Videos con Inteligencia Artificial<\/h4>\n<p>Estas son algunos de los cortos\u00a0 y animaciones que hemos realizado en <a href=\"http:\/\/RatPark.Studio\" title=\"RatPark.Studio\"><strong>RatPark.Studio<\/strong><\/a> en colaboraci\u00f3n con nuestros aliados:<\/p>\n<p>[\/et_pb_text][\/et_pb_column][\/et_pb_row][et_pb_row column_structure=&#8221;1_2,1_2&#8243; use_custom_gutter=&#8221;on&#8221; make_equal=&#8221;on&#8221; _builder_version=&#8221;4.20.4&#8243; _module_preset=&#8221;default&#8221; background_color=&#8221;#222469&#8243; custom_margin=&#8221;15px||15px||true|false&#8221; custom_margin_tablet=&#8221;30px||30px||true|false&#8221; custom_margin_phone=&#8221;15px||15px||true|false&#8221; custom_margin_last_edited=&#8221;on|desktop&#8221; custom_padding=&#8221;0px|0px|0px|0px|true|true&#8221; global_colors_info=&#8221;{}&#8221;][et_pb_column type=&#8221;1_2&#8243; _builder_version=&#8221;4.20.4&#8243; _module_preset=&#8221;default&#8221; global_colors_info=&#8221;{}&#8221;][et_pb_video src=&#8221;https:\/\/youtu.be\/-ThMGl0g6e0&#8243; _builder_version=&#8221;4.22.1&#8243; _module_preset=&#8221;default&#8221; width=&#8221;100%&#8221; hover_enabled=&#8221;0&#8243; global_colors_info=&#8221;{}&#8221; sticky_enabled=&#8221;0&#8243;][\/et_pb_video][\/et_pb_column][et_pb_column type=&#8221;1_2&#8243; _builder_version=&#8221;4.20.4&#8243; _module_preset=&#8221;default&#8221; custom_padding=&#8221;|30px|||false|false&#8221; custom_padding_tablet=&#8221;|30px|||false|false&#8221; custom_padding_phone=&#8221;||15px|15px|false|false&#8221; custom_padding_last_edited=&#8221;on|phone&#8221; custom_css_main_element=&#8221;margin: auto;&#8221; global_colors_info=&#8221;{}&#8221;][et_pb_text _builder_version=&#8221;4.20.4&#8243; _module_preset=&#8221;default&#8221; text_text_color=&#8221;#ffffff&#8221; text_font_size=&#8221;14px&#8221; header_text_color=&#8221;gcid-4f8e2afd-5af4-47ef-b808-83293218f71f&#8221; global_colors_info=&#8221;{%22gcid-4f8e2afd-5af4-47ef-b808-83293218f71f%22:%91%22header_text_color%22%93}&#8221;]<\/p>\n<h4>Bogotazo<\/h4>\n<p><span>Bogotazo Esta es una reconstrucci\u00f3n de los eventos que sucedieron el 9 de abril de 1948. La secuencia est\u00e1 basada en algunas de las famosas fotos capturadas por Manuel H, Leo Matiz y Sady Gonzalez que retratan el caos y la destrucci\u00f3n tras el asesinato de Jorge Eliecer Gait\u00e1n, sus efectos siguen teniendo ondas en la historia, y sigue siendo una de esas fuertes heridas que como colombianos nos ha costado cicatrizar. El proyecto original fue para la introducci\u00f3n del documental \u2018Las papas del pap\u00e1 de mi pap\u00e1\u2019 de Laura Silva Rold\u00e1n que trata sobre las repercuciones de este episodio en nuestra familia, y en el campo colombiano.<\/span><span><\/span><\/p>\n<p>[\/et_pb_text][\/et_pb_column][\/et_pb_row][et_pb_row column_structure=&#8221;1_2,1_2&#8243; use_custom_gutter=&#8221;on&#8221; make_equal=&#8221;on&#8221; _builder_version=&#8221;4.20.4&#8243; _module_preset=&#8221;default&#8221; background_color=&#8221;#222469&#8243; custom_margin=&#8221;15px||15px||true|false&#8221; custom_margin_tablet=&#8221;30px||30px||true|false&#8221; custom_margin_phone=&#8221;15px||15px||true|false&#8221; custom_margin_last_edited=&#8221;on|desktop&#8221; custom_padding=&#8221;0px|0px|0px|0px|true|true&#8221; global_colors_info=&#8221;{}&#8221;][et_pb_column type=&#8221;1_2&#8243; _builder_version=&#8221;4.20.4&#8243; _module_preset=&#8221;default&#8221; global_colors_info=&#8221;{}&#8221;][et_pb_video src=&#8221;https:\/\/youtu.be\/fIavih-yttE&#8221; _builder_version=&#8221;4.22.1&#8243; _module_preset=&#8221;default&#8221; width=&#8221;100%&#8221; hover_enabled=&#8221;0&#8243; global_colors_info=&#8221;{}&#8221; sticky_enabled=&#8221;0&#8243;][\/et_pb_video][\/et_pb_column][et_pb_column type=&#8221;1_2&#8243; _builder_version=&#8221;4.20.4&#8243; _module_preset=&#8221;default&#8221; custom_padding=&#8221;|30px|||false|false&#8221; custom_padding_tablet=&#8221;|30px|||false|false&#8221; custom_padding_phone=&#8221;||15px|15px|false|false&#8221; custom_padding_last_edited=&#8221;on|phone&#8221; custom_css_main_element=&#8221;margin: auto;&#8221; global_colors_info=&#8221;{}&#8221;][et_pb_text _builder_version=&#8221;4.20.4&#8243; _module_preset=&#8221;default&#8221; text_text_color=&#8221;#ffffff&#8221; text_font_size=&#8221;14px&#8221; header_text_color=&#8221;gcid-4f8e2afd-5af4-47ef-b808-83293218f71f&#8221; global_colors_info=&#8221;{%22gcid-4f8e2afd-5af4-47ef-b808-83293218f71f%22:%91%22header_text_color%22%93}&#8221;]<\/p>\n<h4>Alubia Z Revolver<\/h4>\n<p><span>&#8216;Alubia Z Revolver&#8217; es un ambigrama del nombre de su protagonista. Cuenta la historia de un travieso paisa que en sus tiempos libres jugaba a ser el rey del mundo, el se\u00f1or de las sombras, el gran colombiano, o simplemente &#8216;\u00e9l&#8217;. <\/span><span><\/span><\/p>\n<p>[\/et_pb_text][\/et_pb_column][\/et_pb_row][et_pb_row column_structure=&#8221;1_2,1_2&#8243; use_custom_gutter=&#8221;on&#8221; make_equal=&#8221;on&#8221; _builder_version=&#8221;4.20.4&#8243; _module_preset=&#8221;default&#8221; background_color=&#8221;#222469&#8243; custom_margin=&#8221;15px||15px||true|false&#8221; custom_margin_tablet=&#8221;30px||30px||true|false&#8221; custom_margin_phone=&#8221;15px||15px||true|false&#8221; custom_margin_last_edited=&#8221;on|desktop&#8221; custom_padding=&#8221;0px|0px|0px|0px|true|true&#8221; global_colors_info=&#8221;{}&#8221;][et_pb_column type=&#8221;1_2&#8243; _builder_version=&#8221;4.20.4&#8243; _module_preset=&#8221;default&#8221; global_colors_info=&#8221;{}&#8221;][et_pb_video src=&#8221;https:\/\/youtu.be\/GwjeBRTwljo&#8221; _builder_version=&#8221;4.22.1&#8243; _module_preset=&#8221;default&#8221; width=&#8221;100%&#8221; hover_enabled=&#8221;0&#8243; global_colors_info=&#8221;{}&#8221; sticky_enabled=&#8221;0&#8243;][\/et_pb_video][\/et_pb_column][et_pb_column type=&#8221;1_2&#8243; _builder_version=&#8221;4.20.4&#8243; _module_preset=&#8221;default&#8221; custom_padding=&#8221;|30px|||false|false&#8221; custom_padding_tablet=&#8221;|30px|||false|false&#8221; custom_padding_phone=&#8221;||15px|15px|false|false&#8221; custom_padding_last_edited=&#8221;on|phone&#8221; custom_css_main_element=&#8221;margin: auto;&#8221; global_colors_info=&#8221;{}&#8221;][et_pb_text _builder_version=&#8221;4.20.4&#8243; _module_preset=&#8221;default&#8221; text_text_color=&#8221;#ffffff&#8221; text_font_size=&#8221;14px&#8221; header_text_color=&#8221;gcid-4f8e2afd-5af4-47ef-b808-83293218f71f&#8221; global_colors_info=&#8221;{%22gcid-4f8e2afd-5af4-47ef-b808-83293218f71f%22:%91%22header_text_color%22%93}&#8221;]<\/p>\n<h4>El Viaje<\/h4>\n<p><span>Este fue un proyecto con el m\u00fasico Mauricio Pantoja. Una exploraci\u00f3n de la t\u00e9cnica del zoom digital con IA, y una b\u00fasqueda del viaje interior por el que todos debemos pasar. El video no fu\u00e9 aprobado en su entrega final, as\u00ed que no qued\u00f3 como video oficial.<\/span><span><\/span><\/p>\n<p>[\/et_pb_text][\/et_pb_column][\/et_pb_row][et_pb_row column_structure=&#8221;1_2,1_2&#8243; use_custom_gutter=&#8221;on&#8221; make_equal=&#8221;on&#8221; _builder_version=&#8221;4.20.4&#8243; _module_preset=&#8221;default&#8221; background_color=&#8221;#222469&#8243; custom_margin=&#8221;15px||15px||true|false&#8221; custom_margin_tablet=&#8221;30px||30px||true|false&#8221; custom_margin_phone=&#8221;15px||15px||true|false&#8221; custom_margin_last_edited=&#8221;on|desktop&#8221; custom_padding=&#8221;0px|0px|0px|0px|true|true&#8221; global_colors_info=&#8221;{}&#8221;][et_pb_column type=&#8221;1_2&#8243; _builder_version=&#8221;4.20.4&#8243; _module_preset=&#8221;default&#8221; global_colors_info=&#8221;{}&#8221;][et_pb_video src=&#8221;https:\/\/youtu.be\/GwjeBRTwljo&#8221; _builder_version=&#8221;4.22.1&#8243; _module_preset=&#8221;default&#8221; width=&#8221;100%&#8221; hover_enabled=&#8221;0&#8243; global_colors_info=&#8221;{}&#8221; sticky_enabled=&#8221;0&#8243;][\/et_pb_video][\/et_pb_column][et_pb_column type=&#8221;1_2&#8243; _builder_version=&#8221;4.20.4&#8243; _module_preset=&#8221;default&#8221; custom_padding=&#8221;|30px|||false|false&#8221; custom_padding_tablet=&#8221;|30px|||false|false&#8221; custom_padding_phone=&#8221;||15px|15px|false|false&#8221; custom_padding_last_edited=&#8221;on|phone&#8221; custom_css_main_element=&#8221;margin: auto;&#8221; global_colors_info=&#8221;{}&#8221;][et_pb_text _builder_version=&#8221;4.20.4&#8243; _module_preset=&#8221;default&#8221; text_text_color=&#8221;#ffffff&#8221; text_font_size=&#8221;14px&#8221; header_text_color=&#8221;gcid-4f8e2afd-5af4-47ef-b808-83293218f71f&#8221; global_colors_info=&#8221;{%22gcid-4f8e2afd-5af4-47ef-b808-83293218f71f%22:%91%22header_text_color%22%93}&#8221;]<\/p>\n<h4>Qu\u00e9 Dir\u00e1n<\/h4>\n<p><span>Las letras surrealistas y la m\u00fasica genial de Alejandro Gomescasseres, fueron el caldo de cultivo perfecto para crear este proyecto. Fue un laboratorio de experimentaci\u00f3n en el uso de las herramientas disponibles. El proyecto qued\u00f3 inconcluso y no fu\u00e9 distribuido en redes.\u00a0<\/span><span><\/span><\/p>\n<p>[\/et_pb_text][\/et_pb_column][\/et_pb_row][et_pb_row column_structure=&#8221;1_2,1_2&#8243; use_custom_gutter=&#8221;on&#8221; make_equal=&#8221;on&#8221; _builder_version=&#8221;4.20.4&#8243; _module_preset=&#8221;default&#8221; background_color=&#8221;#222469&#8243; custom_margin=&#8221;15px||15px||true|false&#8221; custom_margin_tablet=&#8221;30px||30px||true|false&#8221; custom_margin_phone=&#8221;15px||15px||true|false&#8221; custom_margin_last_edited=&#8221;on|desktop&#8221; custom_padding=&#8221;0px|0px|0px|0px|true|true&#8221; global_colors_info=&#8221;{}&#8221;][et_pb_column type=&#8221;1_2&#8243; _builder_version=&#8221;4.20.4&#8243; _module_preset=&#8221;default&#8221; global_colors_info=&#8221;{}&#8221;][et_pb_video src=&#8221;https:\/\/youtu.be\/W8BrkKHhBU0&#8243; _builder_version=&#8221;4.20.4&#8243; _module_preset=&#8221;default&#8221; width=&#8221;100%&#8221; global_colors_info=&#8221;{}&#8221;][\/et_pb_video][\/et_pb_column][et_pb_column type=&#8221;1_2&#8243; _builder_version=&#8221;4.20.4&#8243; _module_preset=&#8221;default&#8221; custom_padding=&#8221;|30px|||false|false&#8221; custom_padding_tablet=&#8221;|30px|||false|false&#8221; custom_padding_phone=&#8221;||15px|15px|false|false&#8221; custom_padding_last_edited=&#8221;on|phone&#8221; custom_css_main_element=&#8221;margin: auto;&#8221; global_colors_info=&#8221;{}&#8221;][et_pb_text _builder_version=&#8221;4.20.4&#8243; _module_preset=&#8221;default&#8221; text_text_color=&#8221;#ffffff&#8221; text_font_size=&#8221;14px&#8221; header_text_color=&#8221;gcid-4f8e2afd-5af4-47ef-b808-83293218f71f&#8221; global_colors_info=&#8221;{%22gcid-4f8e2afd-5af4-47ef-b808-83293218f71f%22:%91%22header_text_color%22%93}&#8221;]<\/p>\n<h4>Sue\u00f1o S\u00e9sil<\/h4>\n<p><span>Parte de una aproximaci\u00f3n simb\u00f3lica y real: la experiencia de habitar un cuerpo inm\u00f3vil con la experiencia de habitar un cuerpo s\u00e9sil, el cual crece arraigado a su base de la que no se separa y sobre la que no se desplaza.<\/span><\/p>\n<p><span>Direcci\u00f3n y Animaci\u00f3n Ia: Germ\u00e1n Silva<br \/>Direcci\u00f3n en Danza: Mariana Cadena<br \/>M\u00fasica: Gabriel Bass<br \/>Video: Alejandro G\u00f3mez<br \/>Redes: Camilo Garcia<br \/>Laura Silva &#8211; Cine Vagabundo<\/span><\/p>\n<p>[\/et_pb_text][\/et_pb_column][\/et_pb_row][et_pb_row column_structure=&#8221;1_2,1_2&#8243; use_custom_gutter=&#8221;on&#8221; make_equal=&#8221;on&#8221; _builder_version=&#8221;4.20.4&#8243; _module_preset=&#8221;default&#8221; background_color=&#8221;#222469&#8243; custom_margin=&#8221;15px||15px||true|false&#8221; custom_margin_tablet=&#8221;30px||30px||true|false&#8221; custom_margin_phone=&#8221;15px||15px||true|false&#8221; custom_margin_last_edited=&#8221;on|phone&#8221; custom_padding=&#8221;0px|0px|0px|0px|true|true&#8221; global_colors_info=&#8221;{}&#8221;][et_pb_column type=&#8221;1_2&#8243; _builder_version=&#8221;4.20.4&#8243; _module_preset=&#8221;default&#8221; global_colors_info=&#8221;{}&#8221;][et_pb_video src=&#8221;https:\/\/youtu.be\/l1beoL1PqNw&#8221; _builder_version=&#8221;4.20.4&#8243; _module_preset=&#8221;default&#8221; width=&#8221;100%&#8221; global_colors_info=&#8221;{}&#8221;][\/et_pb_video][\/et_pb_column][et_pb_column type=&#8221;1_2&#8243; _builder_version=&#8221;4.20.4&#8243; _module_preset=&#8221;default&#8221; custom_padding=&#8221;|30px|||false|false&#8221; custom_padding_tablet=&#8221;|30px|||false|false&#8221; custom_padding_phone=&#8221;||15px|15px|false|false&#8221; custom_padding_last_edited=&#8221;on|phone&#8221; custom_css_main_element=&#8221;margin: auto;&#8221; global_colors_info=&#8221;{}&#8221;][et_pb_text _builder_version=&#8221;4.20.4&#8243; _module_preset=&#8221;default&#8221; text_text_color=&#8221;#ffffff&#8221; text_font_size=&#8221;14px&#8221; header_text_color=&#8221;gcid-4f8e2afd-5af4-47ef-b808-83293218f71f&#8221; global_colors_info=&#8221;{%22gcid-4f8e2afd-5af4-47ef-b808-83293218f71f%22:%91%22header_text_color%22%93}&#8221;]<\/p>\n<h4><span>El Resto de los Mortales<\/span><\/h4>\n<p><span>Es una cr\u00edtica a los est\u00edmulos por convocatorias que mantiene a los profesionales de la creatividad en una adictiva precariedad.<\/span><\/p>\n<p><span>Direcci\u00f3n y Animaci\u00f3n ia: Germ\u00e1n Silva<br \/>Actuaci\u00f3n: Alejandro G\u00f3mez<br \/>Producci\u00f3n: Laura Silva<br \/>M\u00fasica: Juli\u00e1n Farf\u00e1n<br \/><\/span><\/p>\n<p>[\/et_pb_text][\/et_pb_column][\/et_pb_row][\/et_pb_section]<\/p>\n<span class=\"et_bloom_bottom_trigger\"><\/span>","protected":false},"excerpt":{"rendered":"<p>Desde el 2022 he estado experimentando con la inteligencia artificial especialmente para animaci\u00f3n y video. He visto de primera mano las diferentes transformaciones, herramientas y flujos de trabajo que han surgido en estos a\u00f1os. Tambi\u00e9n he tenido la oportunidad de trabajar con estas herramientas en cortos, documentales, video clips, y mappings. Demostrando que la IA [&hellip;]<\/p>\n","protected":false},"author":1,"featured_media":0,"parent":0,"menu_order":0,"comment_status":"closed","ping_status":"closed","template":"","meta":{"_et_pb_use_builder":"on","_et_pb_old_content":"","_et_gb_content_width":"","footnotes":""},"class_list":["post-2339","page","type-page","status-publish","hentry"],"yoast_head":"<!-- This site is optimized with the Yoast SEO plugin v27.4 - https:\/\/yoast.com\/product\/yoast-seo-wordpress\/ -->\n<title>Inteligencia Artificial - Rat Park - Branding para la Sostenibilidad<\/title>\n<meta name=\"robots\" content=\"index, follow, max-snippet:-1, max-image-preview:large, max-video-preview:-1\" \/>\n<link rel=\"canonical\" href=\"https:\/\/ratpark.studio\/en\/inteligencia-artificial\/\" \/>\n<meta property=\"og:locale\" content=\"en_US\" \/>\n<meta property=\"og:type\" content=\"article\" \/>\n<meta property=\"og:title\" content=\"Inteligencia Artificial - Rat Park - Branding para la Sostenibilidad\" \/>\n<meta property=\"og:description\" content=\"Desde el 2022 he estado experimentando con la inteligencia artificial especialmente para animaci\u00f3n y video. He visto de primera mano las diferentes transformaciones, herramientas y flujos de trabajo que han surgido en estos a\u00f1os. Tambi\u00e9n he tenido la oportunidad de trabajar con estas herramientas en cortos, documentales, video clips, y mappings. Demostrando que la IA [&hellip;]\" \/>\n<meta property=\"og:url\" content=\"https:\/\/ratpark.studio\/en\/inteligencia-artificial\/\" \/>\n<meta property=\"og:site_name\" content=\"Rat Park - Branding para la Sostenibilidad\" \/>\n<meta property=\"article:publisher\" content=\"https:\/\/www.facebook.com\/parqueratuno\" \/>\n<meta property=\"article:modified_time\" content=\"2026-04-10T18:07:12+00:00\" \/>\n<meta property=\"og:image\" content=\"https:\/\/ratpark.studio\/wp-content\/uploads\/2022\/06\/LogoRatPark.png\" \/>\n\t<meta property=\"og:image:width\" content=\"1081\" \/>\n\t<meta property=\"og:image:height\" content=\"1081\" \/>\n\t<meta property=\"og:image:type\" content=\"image\/png\" \/>\n<meta name=\"twitter:card\" content=\"summary_large_image\" \/>\n<script type=\"application\/ld+json\" class=\"yoast-schema-graph\">{\"@context\":\"https:\\\/\\\/schema.org\",\"@graph\":[{\"@type\":\"WebPage\",\"@id\":\"https:\\\/\\\/ratpark.studio\\\/es\\\/inteligencia-artificial\\\/\",\"url\":\"https:\\\/\\\/ratpark.studio\\\/es\\\/inteligencia-artificial\\\/\",\"name\":\"Inteligencia Artificial - Rat Park - Branding para la Sostenibilidad\",\"isPartOf\":{\"@id\":\"https:\\\/\\\/ratpark.studio\\\/#website\"},\"datePublished\":\"2023-05-10T15:33:37+00:00\",\"dateModified\":\"2026-04-10T18:07:12+00:00\",\"breadcrumb\":{\"@id\":\"https:\\\/\\\/ratpark.studio\\\/es\\\/inteligencia-artificial\\\/#breadcrumb\"},\"inLanguage\":\"en-US\",\"potentialAction\":[{\"@type\":\"ReadAction\",\"target\":[\"https:\\\/\\\/ratpark.studio\\\/es\\\/inteligencia-artificial\\\/\"]}]},{\"@type\":\"BreadcrumbList\",\"@id\":\"https:\\\/\\\/ratpark.studio\\\/es\\\/inteligencia-artificial\\\/#breadcrumb\",\"itemListElement\":[{\"@type\":\"ListItem\",\"position\":1,\"name\":\"Inicio\",\"item\":\"https:\\\/\\\/ratpark.studio\\\/\"},{\"@type\":\"ListItem\",\"position\":2,\"name\":\"Inteligencia Artificial\"}]},{\"@type\":\"WebSite\",\"@id\":\"https:\\\/\\\/ratpark.studio\\\/#website\",\"url\":\"https:\\\/\\\/ratpark.studio\\\/\",\"name\":\"Rat Park - Branding para la Sostenibilidad\",\"description\":\"Somos una agencia creadora de marcas. Ofrecemos estrategias de marca, dise\u00f1o de logos y sistemas de identidad para iniciativas que trabajan por un mundo mejor.\",\"publisher\":{\"@id\":\"https:\\\/\\\/ratpark.studio\\\/#organization\"},\"potentialAction\":[{\"@type\":\"SearchAction\",\"target\":{\"@type\":\"EntryPoint\",\"urlTemplate\":\"https:\\\/\\\/ratpark.studio\\\/?s={search_term_string}\"},\"query-input\":{\"@type\":\"PropertyValueSpecification\",\"valueRequired\":true,\"valueName\":\"search_term_string\"}}],\"inLanguage\":\"en-US\"},{\"@type\":\"Organization\",\"@id\":\"https:\\\/\\\/ratpark.studio\\\/#organization\",\"name\":\"Rat Park Studio\",\"url\":\"https:\\\/\\\/ratpark.studio\\\/\",\"logo\":{\"@type\":\"ImageObject\",\"inLanguage\":\"en-US\",\"@id\":\"https:\\\/\\\/ratpark.studio\\\/#\\\/schema\\\/logo\\\/image\\\/\",\"url\":\"https:\\\/\\\/ratpark.studio\\\/wp-content\\\/uploads\\\/2022\\\/06\\\/ProfileFaceBook.jpg\",\"contentUrl\":\"https:\\\/\\\/ratpark.studio\\\/wp-content\\\/uploads\\\/2022\\\/06\\\/ProfileFaceBook.jpg\",\"width\":1080,\"height\":1080,\"caption\":\"Rat Park Studio\"},\"image\":{\"@id\":\"https:\\\/\\\/ratpark.studio\\\/#\\\/schema\\\/logo\\\/image\\\/\"},\"sameAs\":[\"https:\\\/\\\/www.facebook.com\\\/parqueratuno\",\"https:\\\/\\\/www.instagram.com\\\/ratparkstudio\\\/\",\"https:\\\/\\\/www.linkedin.com\\\/company\\\/rat-park-studio\\\/\"]}]}<\/script>\n<!-- \/ Yoast SEO plugin. -->","yoast_head_json":{"title":"Inteligencia Artificial - Rat Park - Branding para la Sostenibilidad","robots":{"index":"index","follow":"follow","max-snippet":"max-snippet:-1","max-image-preview":"max-image-preview:large","max-video-preview":"max-video-preview:-1"},"canonical":"https:\/\/ratpark.studio\/en\/inteligencia-artificial\/","og_locale":"en_US","og_type":"article","og_title":"Inteligencia Artificial - Rat Park - Branding para la Sostenibilidad","og_description":"Desde el 2022 he estado experimentando con la inteligencia artificial especialmente para animaci\u00f3n y video. He visto de primera mano las diferentes transformaciones, herramientas y flujos de trabajo que han surgido en estos a\u00f1os. Tambi\u00e9n he tenido la oportunidad de trabajar con estas herramientas en cortos, documentales, video clips, y mappings. Demostrando que la IA [&hellip;]","og_url":"https:\/\/ratpark.studio\/en\/inteligencia-artificial\/","og_site_name":"Rat Park - Branding para la Sostenibilidad","article_publisher":"https:\/\/www.facebook.com\/parqueratuno","article_modified_time":"2026-04-10T18:07:12+00:00","og_image":[{"width":1081,"height":1081,"url":"https:\/\/ratpark.studio\/wp-content\/uploads\/2022\/06\/LogoRatPark.png","type":"image\/png"}],"twitter_card":"summary_large_image","schema":{"@context":"https:\/\/schema.org","@graph":[{"@type":"WebPage","@id":"https:\/\/ratpark.studio\/es\/inteligencia-artificial\/","url":"https:\/\/ratpark.studio\/es\/inteligencia-artificial\/","name":"Inteligencia Artificial - Rat Park - Branding para la Sostenibilidad","isPartOf":{"@id":"https:\/\/ratpark.studio\/#website"},"datePublished":"2023-05-10T15:33:37+00:00","dateModified":"2026-04-10T18:07:12+00:00","breadcrumb":{"@id":"https:\/\/ratpark.studio\/es\/inteligencia-artificial\/#breadcrumb"},"inLanguage":"en-US","potentialAction":[{"@type":"ReadAction","target":["https:\/\/ratpark.studio\/es\/inteligencia-artificial\/"]}]},{"@type":"BreadcrumbList","@id":"https:\/\/ratpark.studio\/es\/inteligencia-artificial\/#breadcrumb","itemListElement":[{"@type":"ListItem","position":1,"name":"Inicio","item":"https:\/\/ratpark.studio\/"},{"@type":"ListItem","position":2,"name":"Inteligencia Artificial"}]},{"@type":"WebSite","@id":"https:\/\/ratpark.studio\/#website","url":"https:\/\/ratpark.studio\/","name":"Rat Park - Branding para la Sostenibilidad","description":"We are a branding agency. We offer brand strategies, logo design and identity systems for initiatives that work for a better world.","publisher":{"@id":"https:\/\/ratpark.studio\/#organization"},"potentialAction":[{"@type":"SearchAction","target":{"@type":"EntryPoint","urlTemplate":"https:\/\/ratpark.studio\/?s={search_term_string}"},"query-input":{"@type":"PropertyValueSpecification","valueRequired":true,"valueName":"search_term_string"}}],"inLanguage":"en-US"},{"@type":"Organization","@id":"https:\/\/ratpark.studio\/#organization","name":"Rat Park Studio","url":"https:\/\/ratpark.studio\/","logo":{"@type":"ImageObject","inLanguage":"en-US","@id":"https:\/\/ratpark.studio\/#\/schema\/logo\/image\/","url":"https:\/\/ratpark.studio\/wp-content\/uploads\/2022\/06\/ProfileFaceBook.jpg","contentUrl":"https:\/\/ratpark.studio\/wp-content\/uploads\/2022\/06\/ProfileFaceBook.jpg","width":1080,"height":1080,"caption":"Rat Park Studio"},"image":{"@id":"https:\/\/ratpark.studio\/#\/schema\/logo\/image\/"},"sameAs":["https:\/\/www.facebook.com\/parqueratuno","https:\/\/www.instagram.com\/ratparkstudio\/","https:\/\/www.linkedin.com\/company\/rat-park-studio\/"]}]}},"_links":{"self":[{"href":"https:\/\/ratpark.studio\/en\/wp-json\/wp\/v2\/pages\/2339","targetHints":{"allow":["GET"]}}],"collection":[{"href":"https:\/\/ratpark.studio\/en\/wp-json\/wp\/v2\/pages"}],"about":[{"href":"https:\/\/ratpark.studio\/en\/wp-json\/wp\/v2\/types\/page"}],"author":[{"embeddable":true,"href":"https:\/\/ratpark.studio\/en\/wp-json\/wp\/v2\/users\/1"}],"replies":[{"embeddable":true,"href":"https:\/\/ratpark.studio\/en\/wp-json\/wp\/v2\/comments?post=2339"}],"version-history":[{"count":4,"href":"https:\/\/ratpark.studio\/en\/wp-json\/wp\/v2\/pages\/2339\/revisions"}],"predecessor-version":[{"id":3556,"href":"https:\/\/ratpark.studio\/en\/wp-json\/wp\/v2\/pages\/2339\/revisions\/3556"}],"wp:attachment":[{"href":"https:\/\/ratpark.studio\/en\/wp-json\/wp\/v2\/media?parent=2339"}],"curies":[{"name":"wp","href":"https:\/\/api.w.org\/{rel}","templated":true}]}}